{"id":8832,"date":"2023-05-15T09:00:05","date_gmt":"2023-05-15T09:00:05","guid":{"rendered":"https:\/\/www.augenaerzte-staefa.ch\/augenarzt\/?page_id=8832"},"modified":"2025-05-08T08:12:18","modified_gmt":"2025-05-08T08:12:18","slug":"fuer-zuweiser","status":"publish","type":"page","link":"https:\/\/www.augenaerzte-staefa.ch\/augenarzt\/fuer-zuweiser\/","title":{"rendered":"F\u00fcr Zuweisende"},"content":{"rendered":"<div itemscope itemtype=\"http:\/\/schema.org\/Article\" class=\"header-small-block container1200 mb120 mt120\"><div class=\"container\" > <div class=\"content\" > <div class=\"header-small-block-wrap\" > <div class=\"header-small-block__content\" > <h1 itemprop=\"name\" class=\"header-small-block__name semiBold h3\" > <span class=\"header-small-block__title h3\" > <\/span><br>F\u00fcr Zuweisende<\/h1 > <p class=\"header-small-block__subtitle mt16\" > <\/p > <\/div > <div class=\"header-small-block__image\" > <img loading=\"lazy\" decoding=\"async\" width=\"615\" height=\"410\" src=\"https:\/\/www.augenaerzte-staefa.ch\/augenarzt\/app\/uploads\/2022\/08\/philipboeni_0001-1.jpg\" class=\"img__small__header\" alt=\"\" srcset=\"https:\/\/www.augenaerzte-staefa.ch\/augenarzt\/app\/uploads\/2022\/08\/philipboeni_0001-1.jpg 615w, https:\/\/www.augenaerzte-staefa.ch\/augenarzt\/app\/uploads\/2022\/08\/philipboeni_0001-1-300x200.jpg 300w\" sizes=\"auto, (max-width: 615px) 100vw, 615px\" \/><\/div > <\/div > <\/div > <\/div > <\/div > \n\n<div class=\"title-content-block container1364 mb8 mt120\"><div class=\"container\"><div class=\"content\"><div class=\"mt24 mb24 max830 preloaded__content fade\"><h2>Gutblick \u2013 Ihr Verbund f\u00fcr Augenmedizin<\/h2>\n<\/div><div class=\"mt24 mb24 max830 preloaded__content fade\"><p>Stellen Sie bei Ihren Patient:innen eine <strong>Verschlechterung des Sehverm\u00f6gens<\/strong> fest? Klagen Sie \u00fcber verblasste Farben oder stark blendende Scheinwerfer in der Nacht? Wollen Sie Ihre Patient:innen bei <strong>Augennotf\u00e4llen<\/strong> in besten H\u00e4nden wissen? Oder suchen Sie einen verl\u00e4sslichen <strong>Operateur<\/strong> f\u00fcr Ihre Patient:innen? Dann sind Sie mit diesen Anliegen bei uns genau richtig.<\/p>\n<\/div><div class=\"mt24 mb24 max830 preloaded__content fade\"><p>Augen\u00e4rzte St\u00e4fa \u2013 Zentrum Bahnhof geh\u00f6rt zu Gutblick, einem auf Augenmedizin spezialisierter Verbund in der Schweiz. Als ausgewiesene Experten f\u00fcr Augenheilkunde, insbesondere Augenchirurgie, geben Sie Ihre Patient:innen bei uns in vertrauensvolle H\u00e4nde. Wir verf\u00fcgen \u00fcber viele relevante <strong>Subspezialisierungen<\/strong> wie z.B. Glaukom-, Netzhaut-, Katarakt- und refraktive Chirurgie, Okuloplastik, Strabologie. Unsere Kolleg:innen haben in ihren Spezialgebieten bereits <strong>mehrere Tausend Operationen<\/strong> durchgef\u00fchrt. <\/p>\n<\/div><div class=\"mt24 mb24 max830 preloaded__content fade\"><p>M\u00f6chten Sie uns einen Patienten zuweisen oder haben Sie Fragen? Kontaktieren Sie uns per E-Mail:<\/br><A HREF=\"mailto:&#097;&#117;&#103;&#101;&#110;&#097;&#101;&#114;&#122;&#116;&#101;&#045;&#115;&#116;&#097;&#101;&#102;&#097;&#064;&#104;&#105;&#110;&#046;&#099;&#104;\"><strong style=\"color: var(--wp--preset--color--ow-primary-1) !important;\">&#097;&#117;&#103;&#101;&#110;&#097;&#101;&#114;&#122;&#116;&#101;&#045;&#115;&#116;&#097;&#101;&#102;&#097;&#064;&#104;&#105;&#110;&#046;&#099;&#104;<\/strong><\/a><\/p>\n<\/div><\/div><\/div><\/div>\n\n<div class=\"disturber-with-text-block container500 mb120 mt120 block-disturber-style-num-1404024734 \"><div class=\"container\"><div class=\"content\"><div class=\"disturber-with-text-block-wrap\"><p class=\"disturber-with-text-block__title h5\">Mehr Informationen<\/p><p class=\"disturber-with-text-block__title semiBold h5\">f\u00fcr Zuweisende<\/p><p class=\"disturber-with-text-block__title mt16\">Weitere Informationen \u00fcber Ihre Vorteile als Zuweisende, unser Team sowie das Zuweisungsformular finden Sie direkt auf unserer Gutblick-Webseite.<\/p><div class=\"button-wrap mt16\"><a class=\"button transparent icon arrow-dark\" target=\"_blank\" href=\"https:\/\/www.gutblick.ch\/de\/fuer-zuweisende\/\">Zu Gutblick<\/a><\/div><\/div><\/div><\/div><\/div>","protected":false},"excerpt":{"rendered":"","protected":false},"author":5,"featured_media":0,"parent":0,"menu_order":0,"comment_status":"closed","ping_status":"closed","template":"","meta":{"_acf_changed":false,"footnotes":""},"class_list":["post-8832","page","type-page","status-publish","hentry"],"acf":[],"yoast_head":"<!-- This site is optimized with the Yoast SEO plugin v26.2 - https:\/\/yoast.com\/wordpress\/plugins\/seo\/ -->\n<title>F\u00fcr Zuweisende - Augenarzt St\u00e4fa<\/title>\n<meta name=\"robots\" content=\"index, follow, max-snippet:-1, max-image-preview:large, max-video-preview:-1\" \/>\n<link rel=\"canonical\" href=\"https:\/\/www.augenaerzte-staefa.ch\/augenarzt\/fuer-zuweiser\/\" \/>\n<meta property=\"og:locale\" content=\"de_DE\" \/>\n<meta property=\"og:type\" content=\"article\" \/>\n<meta property=\"og:title\" content=\"F\u00fcr Zuweisende - Augenarzt St\u00e4fa\" \/>\n<meta property=\"og:url\" content=\"https:\/\/www.augenaerzte-staefa.ch\/augenarzt\/fuer-zuweiser\/\" \/>\n<meta property=\"og:site_name\" content=\"Augen\u00e4rzte St\u00e4fa\" \/>\n<meta property=\"article:modified_time\" content=\"2025-05-08T08:12:18+00:00\" \/>\n<meta name=\"twitter:card\" content=\"summary_large_image\" \/>\n<script type=\"application\/ld+json\" class=\"yoast-schema-graph\">{\"@context\":\"https:\/\/schema.org\",\"@graph\":[{\"@type\":\"WebPage\",\"@id\":\"https:\/\/www.augenaerzte-staefa.ch\/augenarzt\/fuer-zuweiser\/\",\"url\":\"https:\/\/www.augenaerzte-staefa.ch\/augenarzt\/fuer-zuweiser\/\",\"name\":\"F\u00fcr Zuweisende - Augenarzt St\u00e4fa\",\"isPartOf\":{\"@id\":\"https:\/\/www.augenaerzte-staefa.ch\/augenarzt\/#website\"},\"datePublished\":\"2023-05-15T09:00:05+00:00\",\"dateModified\":\"2025-05-08T08:12:18+00:00\",\"breadcrumb\":{\"@id\":\"https:\/\/www.augenaerzte-staefa.ch\/augenarzt\/fuer-zuweiser\/#breadcrumb\"},\"inLanguage\":\"de-DE\",\"potentialAction\":[{\"@type\":\"ReadAction\",\"target\":[\"https:\/\/www.augenaerzte-staefa.ch\/augenarzt\/fuer-zuweiser\/\"]}]},{\"@type\":\"BreadcrumbList\",\"@id\":\"https:\/\/www.augenaerzte-staefa.ch\/augenarzt\/fuer-zuweiser\/#breadcrumb\",\"itemListElement\":[{\"@type\":\"ListItem\",\"position\":1,\"name\":\"Home\",\"item\":\"https:\/\/www.augenaerzte-staefa.ch\/augenarzt\/\"},{\"@type\":\"ListItem\",\"position\":2,\"name\":\"F\u00fcr Zuweisende\"}]},{\"@type\":\"WebSite\",\"@id\":\"https:\/\/www.augenaerzte-staefa.ch\/augenarzt\/#website\",\"url\":\"https:\/\/www.augenaerzte-staefa.ch\/augenarzt\/\",\"name\":\"Augen\u00e4rzte St\u00e4fa\",\"description\":\"\",\"publisher\":{\"@id\":\"https:\/\/www.augenaerzte-staefa.ch\/augenarzt\/#organization\"},\"potentialAction\":[{\"@type\":\"SearchAction\",\"target\":{\"@type\":\"EntryPoint\",\"urlTemplate\":\"https:\/\/www.augenaerzte-staefa.ch\/augenarzt\/?s={search_term_string}\"},\"query-input\":{\"@type\":\"PropertyValueSpecification\",\"valueRequired\":true,\"valueName\":\"search_term_string\"}}],\"inLanguage\":\"de-DE\"},{\"@type\":\"Organization\",\"@id\":\"https:\/\/www.augenaerzte-staefa.ch\/augenarzt\/#organization\",\"name\":\"Augenarzt St\u00e4fa\",\"url\":\"https:\/\/www.augenaerzte-staefa.ch\/augenarzt\/\",\"logo\":{\"@type\":\"ImageObject\",\"inLanguage\":\"de-DE\",\"@id\":\"https:\/\/www.augenaerzte-staefa.ch\/augenarzt\/#\/schema\/logo\/image\/\",\"url\":\"https:\/\/www.augenaerzte-staefa.ch\/augenarzt\/app\/uploads\/2022\/08\/Sta\u2560efa-pos_RGB.svg\",\"contentUrl\":\"https:\/\/www.augenaerzte-staefa.ch\/augenarzt\/app\/uploads\/2022\/08\/Sta\u2560efa-pos_RGB.svg\",\"caption\":\"Augenarzt St\u00e4fa\"},\"image\":{\"@id\":\"https:\/\/www.augenaerzte-staefa.ch\/augenarzt\/#\/schema\/logo\/image\/\"}}]}<\/script>\n<!-- \/ Yoast SEO plugin. -->","yoast_head_json":{"title":"F\u00fcr Zuweisende - Augenarzt St\u00e4fa","robots":{"index":"index","follow":"follow","max-snippet":"max-snippet:-1","max-image-preview":"max-image-preview:large","max-video-preview":"max-video-preview:-1"},"canonical":"https:\/\/www.augenaerzte-staefa.ch\/augenarzt\/fuer-zuweiser\/","og_locale":"de_DE","og_type":"article","og_title":"F\u00fcr Zuweisende - Augenarzt St\u00e4fa","og_url":"https:\/\/www.augenaerzte-staefa.ch\/augenarzt\/fuer-zuweiser\/","og_site_name":"Augen\u00e4rzte St\u00e4fa","article_modified_time":"2025-05-08T08:12:18+00:00","twitter_card":"summary_large_image","schema":{"@context":"https:\/\/schema.org","@graph":[{"@type":"WebPage","@id":"https:\/\/www.augenaerzte-staefa.ch\/augenarzt\/fuer-zuweiser\/","url":"https:\/\/www.augenaerzte-staefa.ch\/augenarzt\/fuer-zuweiser\/","name":"F\u00fcr Zuweisende - Augenarzt St\u00e4fa","isPartOf":{"@id":"https:\/\/www.augenaerzte-staefa.ch\/augenarzt\/#website"},"datePublished":"2023-05-15T09:00:05+00:00","dateModified":"2025-05-08T08:12:18+00:00","breadcrumb":{"@id":"https:\/\/www.augenaerzte-staefa.ch\/augenarzt\/fuer-zuweiser\/#breadcrumb"},"inLanguage":"de-DE","potentialAction":[{"@type":"ReadAction","target":["https:\/\/www.augenaerzte-staefa.ch\/augenarzt\/fuer-zuweiser\/"]}]},{"@type":"BreadcrumbList","@id":"https:\/\/www.augenaerzte-staefa.ch\/augenarzt\/fuer-zuweiser\/#breadcrumb","itemListElement":[{"@type":"ListItem","position":1,"name":"Home","item":"https:\/\/www.augenaerzte-staefa.ch\/augenarzt\/"},{"@type":"ListItem","position":2,"name":"F\u00fcr Zuweisende"}]},{"@type":"WebSite","@id":"https:\/\/www.augenaerzte-staefa.ch\/augenarzt\/#website","url":"https:\/\/www.augenaerzte-staefa.ch\/augenarzt\/","name":"Augen\u00e4rzte St\u00e4fa","description":"","publisher":{"@id":"https:\/\/www.augenaerzte-staefa.ch\/augenarzt\/#organization"},"potentialAction":[{"@type":"SearchAction","target":{"@type":"EntryPoint","urlTemplate":"https:\/\/www.augenaerzte-staefa.ch\/augenarzt\/?s={search_term_string}"},"query-input":{"@type":"PropertyValueSpecification","valueRequired":true,"valueName":"search_term_string"}}],"inLanguage":"de-DE"},{"@type":"Organization","@id":"https:\/\/www.augenaerzte-staefa.ch\/augenarzt\/#organization","name":"Augenarzt St\u00e4fa","url":"https:\/\/www.augenaerzte-staefa.ch\/augenarzt\/","logo":{"@type":"ImageObject","inLanguage":"de-DE","@id":"https:\/\/www.augenaerzte-staefa.ch\/augenarzt\/#\/schema\/logo\/image\/","url":"https:\/\/www.augenaerzte-staefa.ch\/augenarzt\/app\/uploads\/2022\/08\/Sta\u2560efa-pos_RGB.svg","contentUrl":"https:\/\/www.augenaerzte-staefa.ch\/augenarzt\/app\/uploads\/2022\/08\/Sta\u2560efa-pos_RGB.svg","caption":"Augenarzt St\u00e4fa"},"image":{"@id":"https:\/\/www.augenaerzte-staefa.ch\/augenarzt\/#\/schema\/logo\/image\/"}}]}},"_links":{"self":[{"href":"https:\/\/www.augenaerzte-staefa.ch\/augenarzt\/wp-json\/wp\/v2\/pages\/8832","targetHints":{"allow":["GET"]}}],"collection":[{"href":"https:\/\/www.augenaerzte-staefa.ch\/augenarzt\/wp-json\/wp\/v2\/pages"}],"about":[{"href":"https:\/\/www.augenaerzte-staefa.ch\/augenarzt\/wp-json\/wp\/v2\/types\/page"}],"author":[{"embeddable":true,"href":"https:\/\/www.augenaerzte-staefa.ch\/augenarzt\/wp-json\/wp\/v2\/users\/5"}],"replies":[{"embeddable":true,"href":"https:\/\/www.augenaerzte-staefa.ch\/augenarzt\/wp-json\/wp\/v2\/comments?post=8832"}],"version-history":[{"count":15,"href":"https:\/\/www.augenaerzte-staefa.ch\/augenarzt\/wp-json\/wp\/v2\/pages\/8832\/revisions"}],"predecessor-version":[{"id":9581,"href":"https:\/\/www.augenaerzte-staefa.ch\/augenarzt\/wp-json\/wp\/v2\/pages\/8832\/revisions\/9581"}],"wp:attachment":[{"href":"https:\/\/www.augenaerzte-staefa.ch\/augenarzt\/wp-json\/wp\/v2\/media?parent=8832"}],"curies":[{"name":"wp","href":"https:\/\/api.w.org\/{rel}","templated":true}]}}